{"id":1245,"date":"2016-05-07T14:32:23","date_gmt":"2016-05-07T14:32:23","guid":{"rendered":"http:\/\/subversivefestival.com\/en\/?page_id=1245"},"modified":"2025-05-19T15:26:16","modified_gmt":"2025-05-19T13:26:16","slug":"impressum","status":"publish","type":"page","link":"https:\/\/subversivefestival.com\/en\/impressum\/","title":{"rendered":"Impressum"},"content":{"rendered":"<p><strong>Subversive Festival director:<\/strong><br \/>\nNikola Dev\u010di\u0107<\/p>\n<p><strong>Subversive Festival art director:<\/strong><br \/>\nDina Pokrajac<\/p>\n<p><strong>Subversive Festival producer:<\/strong><br \/>\nVedran Grladinovi\u0107<\/p>\n<p><strong>Jocelyne Saab &#8211; Untamed Memory curator: <\/strong><br \/>\nMathilde Rouxel<\/p>\n<p><strong>Jocelyne Saab &#8211; Gardens of War curators:<\/strong><\/p>\n<p>Mathilde Rouxel, Michael Issa El Helou<\/p>\n<p><strong>Cinematographies of Resistance curators: <\/strong><br \/>\nDina Pokrajac, Leila Topi\u0107<\/p>\n<p><strong style=\"font-size: 16px;\">18.Subversive Film Festival artistic jury:<\/strong><\/p>\n<p>Sanjin Pejkovi\u0107, Patricia Pisters, Iva Rosandi\u0107<\/p>\n<p><strong>Subversive Forum program board:<br \/>\n<\/strong>Stipe \u0106urkovi\u0107, Karolina Hrga, Ante Andabak<\/p>\n<p><strong>Subversive Forum associates:<br \/>\n<\/strong>Emina Bu\u017einki\u0107, Ozren Pupovac, Jerko Bakotin, Eva Marija Jure\u0161i\u0107<\/p>\n<p><strong>School of Contemporary Humanities \/ Anti-capitalist seminar:<\/strong><\/p>\n<p><strong>Lectures and workshops:<br \/>\n<\/strong>Nina \u010colovi\u0107, Stipe \u0106urkovi\u0107, Leonard Juri\u0107, Karla Crn\u010devi\u0107, Lazar Petkovi\u0107, Vladimir Milenkovi\u0107, Jovan D\u017eoli Uli\u010devi\u0107, Maja Solar, Stipe Nogalo<\/p>\n<p><strong>Seminar coordinators:<br \/>\n<\/strong>Karolina Hrga, Andrea Vuljevi\u0107, Nina \u010colovi\u0107 i Eva Marija Jure\u0161i\u0107<\/p>\n<p><strong>Program support:<\/strong><br \/>\nMSU Zagreb, Restart, Kulturno informativni centar<\/p>\n<p><strong>PRESS:<\/strong><br \/>\nJelena Svir\u010di\u0107<\/p>\n<p><strong>Social media and web page editor: <\/strong><br \/>\nMiro Fraki\u0107<\/p>\n<p><strong>Technical coordinator:<\/strong><br \/>\nJasna Givens<\/p>\n<p><strong>Print coordinator and head of hospitality:<br \/>\n<\/strong>Nika Bobi\u0107<\/p>\n<p><strong>Hospitality manager:<\/strong> Mara Stjepanovi\u0107<\/p>\n<p><strong>Film translation and subtitling:<\/strong><br \/>\nVanda Gajsak \u0110oki\u0107 \u2013 DOBBIN D.O.O.<\/p>\n<p><strong>Visual identity:<\/strong><br \/>\nRuta i Danijel \u017de\u017eelj<\/p>\n<p><strong>Graphic design: <\/strong><br \/>\nRuta<\/p>\n<p><strong>Web design: <\/strong><br \/>\n<a href=\"https:\/\/bozooart.com\/\">BozooArt<\/a><\/p>\n<p><strong>Web page programming:<\/strong><br \/>\nGoran Zubak<\/p>\n<p><strong>Festival trailer author:<\/strong><br \/>\nRuben Finderle<\/p>\n<p><strong>Festival trailer music:<\/strong> N\/OBE &#8211; Basileia<\/p>\n<p><strong>Wild Dreamer \u201cDragan Rube\u0161a\u201d Award sculptor:\u00a0<\/strong><br \/>\nNikola Vudrag<\/p>\n<p><strong>Notes, texts and translations:<br \/>\n<\/strong>Ivana Ostoj\u010di\u0107, Mojca \u010ca\u0111o, Petra Bu\u0161eli\u0107, Dina Pokrajac, Karolina Hrga, Martin Bero\u0161, Eva Marija Jure\u0161i\u0107, Stipe \u0106urkovi\u0107, Tanja Jelini\u0107, Leila Topi\u0107, Mathilde Rouxel<\/p>\n<p><strong>Photo and video-documentation: <\/strong><br \/>\nZoe \u0160arlija,\u00a0 Anto Magzan, Martin Bero\u0161, Goran \u0160kofi\u0107<\/p>\n<p><strong>Projectionists:<\/strong><br \/>\nDavorin Bodi\u0161, Miroslav Josip Kranj\u010dec, Igor \u0160ubat (kino Kinoteka), Val Ma\u010dukatin (Dokukino KIC)<\/p>\n<p><strong>Ticket office managers:<\/strong><br \/>\nLidija Ru\u017eak, Eva \u0160vigir Stevanovi\u0107 (kino Kinoteka), Drago Toroman (Dokukino KIC)<\/p>\n<p><strong>Q&amp;A moderators:<\/strong><\/p>\n<p>Karla Crn\u010devi\u0107, Miro Fraki\u0107, Nino Kova\u010di\u0107, Dina Pokrajac, Ivan Ramljak, Sara Simi\u0107<\/p>\n<p><strong>Subverzivac editors:<\/strong><\/p>\n<p>Karolina Hrga, Dina Pokrajac<\/p>\n<p><strong>Subverzivac editorial board:<\/strong><br \/>\nStipe \u0106urkovi\u0107, Andrea Vuljevi\u0107, Eva Marija Jure\u0161i\u0107, Emina Bu\u017einki\u0107, Ante Andabak<\/p>\n<p><strong>Print:<\/strong><br \/>\nSveu\u010dili\u0161na tiskara<br \/>\nKolding<\/p>\n<p><strong>Acknowledgements:<br \/>\n<\/strong>Maja Juri\u0107 Ivo\u0161, Mario Kozina (kino Kinoteka), Hrvoje Hribar, Andrea Grgi\u0107 (KIC), Oliver Serti\u0107, Vanja Jambrovi\u0107, Zrinka Ko\u0161ar (Restart), Vesna Me\u0161tri\u0107 (MSU Zagreb), Slobodanka Mi\u0161kovi\u0107, Ana \u0160egrt (Art kino Croatia), Petar Milat, Igor Markovi\u0107, Marija Krstanovi\u0107, Ivana Peji\u0107 (Multimedijalni institut), Vedran Horvat, Mladen Domazet (Institut za politi\u010dku ekologiju), Estelle Halimi-Dagron, Alice de Parscau, Romana \u010cumbeli\u0107 Omr\u010den, Olenka Zahorodni (Institut fran\u00e7ais de Croatie), Petra Mati\u0107 (udruga Jutro), Nenad Rizvanovi\u0107, Marko Gregori\u0107, Milena Ostoji\u0107, Srpsko narodno vije\u0107e i uredni\u0161tvo Novosti, Aneta Vladimirov, Dan Oki, Ma\u0161a Samard\u017eija, Nikola Luni\u0107, Sa\u0161a Milo\u0161evi\u0107, Ivan Ramljak, Adela Lovri\u0107, Paul Stubbs, Tomislav \u0160aki\u0107, Zlatko Wurzberg, Nina Kujund\u017ei\u0107 i Boris Pokrajac, Ida Biard, \u017darko Pai\u0107, Frano Dulibi\u0107, Marin Kova\u010devi\u0107 (ARTiSAN), Tomislav Gugo, Ole Henrik Frijs-Madsen (Veleposlanstvo Kraljevine Danske u RH), \u017deljka Belani\u0107, Arne Sannes Bj\u00f8rnstad (Veleposlanstvo kraljevine Norve\u0161ke u RH), Sejfedin Prekazi (Zajednica Albanaca Grada Zagreba i Zagreba\u010dke \u017eupanije), Charlotte van Baak, Nata\u0161a Galosamac (Veleposlanstvo Kraljevine Nizozemske u RH), Wendy Dorman-Smith, Bernard Vrban (Veleposlanstvo Republike Irske u Hrvatskoj), Seid Ru\u017ei\u0107 (MCF Megacom), Igor Sara\u010devi\u0107 i Marcella Jeli\u0107 (Split Screen), Luka Rakamari\u0107, Catarina Boieiro (Doc&#8217;s Kingdom)<\/p>\n","protected":false},"excerpt":{"rendered":"<p>Subversive Festival director: Nikola Dev\u010di\u0107 Subversive Festival art director: Dina Pokrajac Subversive Festival producer: Vedran Grladinovi\u0107 Jocelyne Saab &#8211; Untamed Memory curator: Mathilde Rouxel Jocelyne Saab &#8211; Gardens of War curators: Mathilde Rouxel, Michael Issa El Helou Cinematographies of Resistance curators: Dina Pokrajac, Leila Topi\u0107 18.Subversive Film Festival artistic jury: Sanjin Pejkovi\u0107, Patricia Pisters, Iva<\/p>\n","protected":false},"author":2,"featured_media":0,"parent":0,"menu_order":0,"comment_status":"closed","ping_status":"closed","template":"","meta":{"_acf_changed":false,"footnotes":""},"class_list":["post-1245","page","type-page","status-publish","hentry"],"acf":[],"yoast_head":"<!-- This site is optimized with the Yoast SEO plugin v27.4 - https:\/\/yoast.com\/product\/yoast-seo-wordpress\/ -->\n<title>Impressum - 18th Subversive Festival<\/title>\n<meta name=\"robots\" content=\"index, follow, max-snippet:-1, max-image-preview:large, max-video-preview:-1\" \/>\n<link rel=\"canonical\" href=\"https:\/\/subversivefestival.com\/en\/impressum\/\" \/>\n<meta property=\"og:locale\" content=\"en_US\" \/>\n<meta property=\"og:type\" content=\"article\" \/>\n<meta property=\"og:title\" content=\"Impressum - 18th Subversive Festival\" \/>\n<meta property=\"og:description\" content=\"Subversive Festival director: Nikola Dev\u010di\u0107 Subversive Festival art director: Dina Pokrajac Subversive Festival producer: Vedran Grladinovi\u0107 Jocelyne Saab &#8211; Untamed Memory curator: Mathilde Rouxel Jocelyne Saab &#8211; Gardens of War curators: Mathilde Rouxel, Michael Issa El Helou Cinematographies of Resistance curators: Dina Pokrajac, Leila Topi\u0107 18.Subversive Film Festival artistic jury: Sanjin Pejkovi\u0107, Patricia Pisters, Iva\" \/>\n<meta property=\"og:url\" content=\"https:\/\/subversivefestival.com\/en\/impressum\/\" \/>\n<meta property=\"og:site_name\" content=\"18th Subversive Festival\" \/>\n<meta property=\"article:publisher\" content=\"https:\/\/www.facebook.com\/subversivefestival\/\" \/>\n<meta property=\"article:modified_time\" content=\"2025-05-19T13:26:16+00:00\" \/>\n<meta name=\"twitter:card\" content=\"summary_large_image\" \/>\n<meta name=\"twitter:site\" content=\"@SubversiveFesti\" \/>\n<meta name=\"twitter:label1\" content=\"Est. reading time\" \/>\n\t<meta name=\"twitter:data1\" content=\"3 minutes\" \/>\n<script type=\"application\/ld+json\" class=\"yoast-schema-graph\">{\"@context\":\"https:\\\/\\\/schema.org\",\"@graph\":[{\"@type\":\"WebPage\",\"@id\":\"https:\\\/\\\/subversivefestival.com\\\/en\\\/impressum\\\/\",\"url\":\"https:\\\/\\\/subversivefestival.com\\\/en\\\/impressum\\\/\",\"name\":\"Impressum - 18th Subversive Festival\",\"isPartOf\":{\"@id\":\"https:\\\/\\\/subversivefestival.com\\\/#website\"},\"datePublished\":\"2016-05-07T14:32:23+00:00\",\"dateModified\":\"2025-05-19T13:26:16+00:00\",\"breadcrumb\":{\"@id\":\"https:\\\/\\\/subversivefestival.com\\\/en\\\/impressum\\\/#breadcrumb\"},\"inLanguage\":\"en-US\",\"potentialAction\":[{\"@type\":\"ReadAction\",\"target\":[\"https:\\\/\\\/subversivefestival.com\\\/en\\\/impressum\\\/\"]}]},{\"@type\":\"BreadcrumbList\",\"@id\":\"https:\\\/\\\/subversivefestival.com\\\/en\\\/impressum\\\/#breadcrumb\",\"itemListElement\":[{\"@type\":\"ListItem\",\"position\":1,\"name\":\"Home\",\"item\":\"https:\\\/\\\/subversivefestival.com\\\/en\\\/\"},{\"@type\":\"ListItem\",\"position\":2,\"name\":\"Impressum\"}]},{\"@type\":\"WebSite\",\"@id\":\"https:\\\/\\\/subversivefestival.com\\\/#website\",\"url\":\"https:\\\/\\\/subversivefestival.com\\\/\",\"name\":\"14. Subversive Festival\",\"description\":\"Age of Conflict\",\"publisher\":{\"@id\":\"https:\\\/\\\/subversivefestival.com\\\/#organization\"},\"potentialAction\":[{\"@type\":\"SearchAction\",\"target\":{\"@type\":\"EntryPoint\",\"urlTemplate\":\"https:\\\/\\\/subversivefestival.com\\\/?s={search_term_string}\"},\"query-input\":{\"@type\":\"PropertyValueSpecification\",\"valueRequired\":true,\"valueName\":\"search_term_string\"}}],\"inLanguage\":\"en-US\"},{\"@type\":\"Organization\",\"@id\":\"https:\\\/\\\/subversivefestival.com\\\/#organization\",\"name\":\"Subversive Festival\",\"url\":\"https:\\\/\\\/subversivefestival.com\\\/\",\"logo\":{\"@type\":\"ImageObject\",\"inLanguage\":\"en-US\",\"@id\":\"https:\\\/\\\/subversivefestival.com\\\/#\\\/schema\\\/logo\\\/image\\\/\",\"url\":\"https:\\\/\\\/subversivefestival.com\\\/wp-content\\\/uploads\\\/2021\\\/09\\\/sf-logo.png\",\"contentUrl\":\"https:\\\/\\\/subversivefestival.com\\\/wp-content\\\/uploads\\\/2021\\\/09\\\/sf-logo.png\",\"width\":800,\"height\":600,\"caption\":\"Subversive Festival\"},\"image\":{\"@id\":\"https:\\\/\\\/subversivefestival.com\\\/#\\\/schema\\\/logo\\\/image\\\/\"},\"sameAs\":[\"https:\\\/\\\/www.facebook.com\\\/subversivefestival\\\/\",\"https:\\\/\\\/x.com\\\/SubversiveFesti\"]}]}<\/script>\n<!-- \/ Yoast SEO plugin. -->","yoast_head_json":{"title":"Impressum - 18th Subversive Festival","robots":{"index":"index","follow":"follow","max-snippet":"max-snippet:-1","max-image-preview":"max-image-preview:large","max-video-preview":"max-video-preview:-1"},"canonical":"https:\/\/subversivefestival.com\/en\/impressum\/","og_locale":"en_US","og_type":"article","og_title":"Impressum - 18th Subversive Festival","og_description":"Subversive Festival director: Nikola Dev\u010di\u0107 Subversive Festival art director: Dina Pokrajac Subversive Festival producer: Vedran Grladinovi\u0107 Jocelyne Saab &#8211; Untamed Memory curator: Mathilde Rouxel Jocelyne Saab &#8211; Gardens of War curators: Mathilde Rouxel, Michael Issa El Helou Cinematographies of Resistance curators: Dina Pokrajac, Leila Topi\u0107 18.Subversive Film Festival artistic jury: Sanjin Pejkovi\u0107, Patricia Pisters, Iva","og_url":"https:\/\/subversivefestival.com\/en\/impressum\/","og_site_name":"18th Subversive Festival","article_publisher":"https:\/\/www.facebook.com\/subversivefestival\/","article_modified_time":"2025-05-19T13:26:16+00:00","twitter_card":"summary_large_image","twitter_site":"@SubversiveFesti","twitter_misc":{"Est. reading time":"3 minutes"},"schema":{"@context":"https:\/\/schema.org","@graph":[{"@type":"WebPage","@id":"https:\/\/subversivefestival.com\/en\/impressum\/","url":"https:\/\/subversivefestival.com\/en\/impressum\/","name":"Impressum - 18th Subversive Festival","isPartOf":{"@id":"https:\/\/subversivefestival.com\/#website"},"datePublished":"2016-05-07T14:32:23+00:00","dateModified":"2025-05-19T13:26:16+00:00","breadcrumb":{"@id":"https:\/\/subversivefestival.com\/en\/impressum\/#breadcrumb"},"inLanguage":"en-US","potentialAction":[{"@type":"ReadAction","target":["https:\/\/subversivefestival.com\/en\/impressum\/"]}]},{"@type":"BreadcrumbList","@id":"https:\/\/subversivefestival.com\/en\/impressum\/#breadcrumb","itemListElement":[{"@type":"ListItem","position":1,"name":"Home","item":"https:\/\/subversivefestival.com\/en\/"},{"@type":"ListItem","position":2,"name":"Impressum"}]},{"@type":"WebSite","@id":"https:\/\/subversivefestival.com\/#website","url":"https:\/\/subversivefestival.com\/","name":"14. Subversive Festival","description":"Age of Conflict","publisher":{"@id":"https:\/\/subversivefestival.com\/#organization"},"potentialAction":[{"@type":"SearchAction","target":{"@type":"EntryPoint","urlTemplate":"https:\/\/subversivefestival.com\/?s={search_term_string}"},"query-input":{"@type":"PropertyValueSpecification","valueRequired":true,"valueName":"search_term_string"}}],"inLanguage":"en-US"},{"@type":"Organization","@id":"https:\/\/subversivefestival.com\/#organization","name":"Subversive Festival","url":"https:\/\/subversivefestival.com\/","logo":{"@type":"ImageObject","inLanguage":"en-US","@id":"https:\/\/subversivefestival.com\/#\/schema\/logo\/image\/","url":"https:\/\/subversivefestival.com\/wp-content\/uploads\/2021\/09\/sf-logo.png","contentUrl":"https:\/\/subversivefestival.com\/wp-content\/uploads\/2021\/09\/sf-logo.png","width":800,"height":600,"caption":"Subversive Festival"},"image":{"@id":"https:\/\/subversivefestival.com\/#\/schema\/logo\/image\/"},"sameAs":["https:\/\/www.facebook.com\/subversivefestival\/","https:\/\/x.com\/SubversiveFesti"]}]}},"_links":{"self":[{"href":"https:\/\/subversivefestival.com\/en\/wp-json\/wp\/v2\/pages\/1245","targetHints":{"allow":["GET"]}}],"collection":[{"href":"https:\/\/subversivefestival.com\/en\/wp-json\/wp\/v2\/pages"}],"about":[{"href":"https:\/\/subversivefestival.com\/en\/wp-json\/wp\/v2\/types\/page"}],"author":[{"embeddable":true,"href":"https:\/\/subversivefestival.com\/en\/wp-json\/wp\/v2\/users\/2"}],"replies":[{"embeddable":true,"href":"https:\/\/subversivefestival.com\/en\/wp-json\/wp\/v2\/comments?post=1245"}],"version-history":[{"count":9,"href":"https:\/\/subversivefestival.com\/en\/wp-json\/wp\/v2\/pages\/1245\/revisions"}],"predecessor-version":[{"id":10765,"href":"https:\/\/subversivefestival.com\/en\/wp-json\/wp\/v2\/pages\/1245\/revisions\/10765"}],"wp:attachment":[{"href":"https:\/\/subversivefestival.com\/en\/wp-json\/wp\/v2\/media?parent=1245"}],"curies":[{"name":"wp","href":"https:\/\/api.w.org\/{rel}","templated":true}]}}