{"id":69,"date":"2016-04-19T13:21:47","date_gmt":"2016-04-19T13:21:47","guid":{"rendered":"http:\/\/subversivefestival.com\/en\/?page_id=69"},"modified":"2024-06-16T15:05:40","modified_gmt":"2024-06-16T15:05:40","slug":"about-festival","status":"publish","type":"page","link":"https:\/\/subversivefestival.com\/en\/about-festival\/","title":{"rendered":"About Festival"},"content":{"rendered":"<h1>Who&#8217;s Who<\/h1>\n<p><strong>Subversive Film Festival, established in 2008:<\/strong><\/p>\n<p>Nikola Dev\u010di\u0107, Dora Baras, Sre\u0107ko Horvat<\/p>\n<p><strong>Subversive Forum, established in 2011:<\/strong><\/p>\n<p>Nikola Dev\u010di\u0107, Sre\u0107ko Horvat, Igor \u0160tiks<\/p>\n<p><strong>Organizer:<\/strong><br \/>\nUdruga Bijeli Val, Ilica 203a, 10000 Zagreb<\/p>\n<p><strong>Association&#8217;s President and Director of Subversive Festival:<\/strong><\/p>\n<p>Nikola Dev\u010di\u0107<\/p>\n<p><strong>Artistic director od Subversive Festival:\u00a0<\/strong><\/p>\n<p>Dina Pokrajac<\/p>\n<p><strong>Subversive Forum Board:\u00a0<\/strong><\/p>\n<p>Stipe \u0106urkovi\u0107, Karolina Hrga, Leonardo Kova\u010devi\u0107,\u00a0 Ozren Pupovac<\/p>\n<p><strong>Producer:\u00a0<\/strong><\/p>\n<p>Vedran Grladinovi\u0107<\/p>\n","protected":false},"excerpt":{"rendered":"<p>Who&#8217;s Who Subversive Film Festival, established in 2008: Nikola Dev\u010di\u0107, Dora Baras, Sre\u0107ko Horvat Subversive Forum, established in 2011: Nikola Dev\u010di\u0107, Sre\u0107ko Horvat, Igor \u0160tiks Organizer: Udruga Bijeli Val, Ilica 203a, 10000 Zagreb Association&#8217;s President and Director of Subversive Festival: Nikola Dev\u010di\u0107 Artistic director od Subversive Festival:\u00a0 Dina Pokrajac Subversive Forum Board:\u00a0 Stipe \u0106urkovi\u0107, Karolina<\/p>\n","protected":false},"author":1,"featured_media":0,"parent":0,"menu_order":0,"comment_status":"closed","ping_status":"closed","template":"","meta":{"_acf_changed":false,"footnotes":""},"class_list":["post-69","page","type-page","status-publish","hentry"],"acf":[],"yoast_head":"<!-- This site is optimized with the Yoast SEO plugin v27.5 - https:\/\/yoast.com\/product\/yoast-seo-wordpress\/ -->\n<title>About Festival - 19th Subversive Festival<\/title>\n<meta name=\"robots\" content=\"index, follow, max-snippet:-1, max-image-preview:large, max-video-preview:-1\" \/>\n<link rel=\"canonical\" href=\"https:\/\/subversivefestival.com\/en\/about-festival\/\" \/>\n<meta property=\"og:locale\" content=\"en_US\" \/>\n<meta property=\"og:type\" content=\"article\" \/>\n<meta property=\"og:title\" content=\"About Festival - 19th Subversive Festival\" \/>\n<meta property=\"og:description\" content=\"Who&#8217;s Who Subversive Film Festival, established in 2008: Nikola Dev\u010di\u0107, Dora Baras, Sre\u0107ko Horvat Subversive Forum, established in 2011: Nikola Dev\u010di\u0107, Sre\u0107ko Horvat, Igor \u0160tiks Organizer: Udruga Bijeli Val, Ilica 203a, 10000 Zagreb Association&#8217;s President and Director of Subversive Festival: Nikola Dev\u010di\u0107 Artistic director od Subversive Festival:\u00a0 Dina Pokrajac Subversive Forum Board:\u00a0 Stipe \u0106urkovi\u0107, Karolina\" \/>\n<meta property=\"og:url\" content=\"https:\/\/subversivefestival.com\/en\/about-festival\/\" \/>\n<meta property=\"og:site_name\" content=\"19th Subversive Festival\" \/>\n<meta property=\"article:publisher\" content=\"https:\/\/www.facebook.com\/subversivefestival\/\" \/>\n<meta property=\"article:modified_time\" content=\"2024-06-16T15:05:40+00:00\" \/>\n<meta name=\"twitter:card\" content=\"summary_large_image\" \/>\n<meta name=\"twitter:site\" content=\"@SubversiveFesti\" \/>\n<meta name=\"twitter:label1\" content=\"Est. reading time\" \/>\n\t<meta name=\"twitter:data1\" content=\"1 minute\" \/>\n<script type=\"application\/ld+json\" class=\"yoast-schema-graph\">{\"@context\":\"https:\\\/\\\/schema.org\",\"@graph\":[{\"@type\":\"WebPage\",\"@id\":\"https:\\\/\\\/subversivefestival.com\\\/en\\\/about-festival\\\/\",\"url\":\"https:\\\/\\\/subversivefestival.com\\\/en\\\/about-festival\\\/\",\"name\":\"About Festival - 19th Subversive Festival\",\"isPartOf\":{\"@id\":\"https:\\\/\\\/subversivefestival.com\\\/#website\"},\"datePublished\":\"2016-04-19T13:21:47+00:00\",\"dateModified\":\"2024-06-16T15:05:40+00:00\",\"breadcrumb\":{\"@id\":\"https:\\\/\\\/subversivefestival.com\\\/en\\\/about-festival\\\/#breadcrumb\"},\"inLanguage\":\"en-US\",\"potentialAction\":[{\"@type\":\"ReadAction\",\"target\":[\"https:\\\/\\\/subversivefestival.com\\\/en\\\/about-festival\\\/\"]}]},{\"@type\":\"BreadcrumbList\",\"@id\":\"https:\\\/\\\/subversivefestival.com\\\/en\\\/about-festival\\\/#breadcrumb\",\"itemListElement\":[{\"@type\":\"ListItem\",\"position\":1,\"name\":\"Home\",\"item\":\"http:\\\/\\\/localhost\\\/subversive\\\/\"},{\"@type\":\"ListItem\",\"position\":2,\"name\":\"About Festival\"}]},{\"@type\":\"WebSite\",\"@id\":\"https:\\\/\\\/subversivefestival.com\\\/#website\",\"url\":\"https:\\\/\\\/subversivefestival.com\\\/\",\"name\":\"14. Subversive Festival\",\"description\":\"Age of Conflict\",\"publisher\":{\"@id\":\"https:\\\/\\\/subversivefestival.com\\\/#organization\"},\"potentialAction\":[{\"@type\":\"SearchAction\",\"target\":{\"@type\":\"EntryPoint\",\"urlTemplate\":\"https:\\\/\\\/subversivefestival.com\\\/?s={search_term_string}\"},\"query-input\":{\"@type\":\"PropertyValueSpecification\",\"valueRequired\":true,\"valueName\":\"search_term_string\"}}],\"inLanguage\":\"en-US\"},{\"@type\":\"Organization\",\"@id\":\"https:\\\/\\\/subversivefestival.com\\\/#organization\",\"name\":\"Subversive Festival\",\"url\":\"https:\\\/\\\/subversivefestival.com\\\/\",\"logo\":{\"@type\":\"ImageObject\",\"inLanguage\":\"en-US\",\"@id\":\"https:\\\/\\\/subversivefestival.com\\\/#\\\/schema\\\/logo\\\/image\\\/\",\"url\":\"https:\\\/\\\/subversivefestival.com\\\/wp-content\\\/uploads\\\/2021\\\/09\\\/sf-logo.png\",\"contentUrl\":\"https:\\\/\\\/subversivefestival.com\\\/wp-content\\\/uploads\\\/2021\\\/09\\\/sf-logo.png\",\"width\":800,\"height\":600,\"caption\":\"Subversive Festival\"},\"image\":{\"@id\":\"https:\\\/\\\/subversivefestival.com\\\/#\\\/schema\\\/logo\\\/image\\\/\"},\"sameAs\":[\"https:\\\/\\\/www.facebook.com\\\/subversivefestival\\\/\",\"https:\\\/\\\/x.com\\\/SubversiveFesti\"]}]}<\/script>\n<!-- \/ Yoast SEO plugin. -->","yoast_head_json":{"title":"About Festival - 19th Subversive Festival","robots":{"index":"index","follow":"follow","max-snippet":"max-snippet:-1","max-image-preview":"max-image-preview:large","max-video-preview":"max-video-preview:-1"},"canonical":"https:\/\/subversivefestival.com\/en\/about-festival\/","og_locale":"en_US","og_type":"article","og_title":"About Festival - 19th Subversive Festival","og_description":"Who&#8217;s Who Subversive Film Festival, established in 2008: Nikola Dev\u010di\u0107, Dora Baras, Sre\u0107ko Horvat Subversive Forum, established in 2011: Nikola Dev\u010di\u0107, Sre\u0107ko Horvat, Igor \u0160tiks Organizer: Udruga Bijeli Val, Ilica 203a, 10000 Zagreb Association&#8217;s President and Director of Subversive Festival: Nikola Dev\u010di\u0107 Artistic director od Subversive Festival:\u00a0 Dina Pokrajac Subversive Forum Board:\u00a0 Stipe \u0106urkovi\u0107, Karolina","og_url":"https:\/\/subversivefestival.com\/en\/about-festival\/","og_site_name":"19th Subversive Festival","article_publisher":"https:\/\/www.facebook.com\/subversivefestival\/","article_modified_time":"2024-06-16T15:05:40+00:00","twitter_card":"summary_large_image","twitter_site":"@SubversiveFesti","twitter_misc":{"Est. reading time":"1 minute"},"schema":{"@context":"https:\/\/schema.org","@graph":[{"@type":"WebPage","@id":"https:\/\/subversivefestival.com\/en\/about-festival\/","url":"https:\/\/subversivefestival.com\/en\/about-festival\/","name":"About Festival - 19th Subversive Festival","isPartOf":{"@id":"https:\/\/subversivefestival.com\/#website"},"datePublished":"2016-04-19T13:21:47+00:00","dateModified":"2024-06-16T15:05:40+00:00","breadcrumb":{"@id":"https:\/\/subversivefestival.com\/en\/about-festival\/#breadcrumb"},"inLanguage":"en-US","potentialAction":[{"@type":"ReadAction","target":["https:\/\/subversivefestival.com\/en\/about-festival\/"]}]},{"@type":"BreadcrumbList","@id":"https:\/\/subversivefestival.com\/en\/about-festival\/#breadcrumb","itemListElement":[{"@type":"ListItem","position":1,"name":"Home","item":"http:\/\/localhost\/subversive\/"},{"@type":"ListItem","position":2,"name":"About Festival"}]},{"@type":"WebSite","@id":"https:\/\/subversivefestival.com\/#website","url":"https:\/\/subversivefestival.com\/","name":"14. Subversive Festival","description":"Age of Conflict","publisher":{"@id":"https:\/\/subversivefestival.com\/#organization"},"potentialAction":[{"@type":"SearchAction","target":{"@type":"EntryPoint","urlTemplate":"https:\/\/subversivefestival.com\/?s={search_term_string}"},"query-input":{"@type":"PropertyValueSpecification","valueRequired":true,"valueName":"search_term_string"}}],"inLanguage":"en-US"},{"@type":"Organization","@id":"https:\/\/subversivefestival.com\/#organization","name":"Subversive Festival","url":"https:\/\/subversivefestival.com\/","logo":{"@type":"ImageObject","inLanguage":"en-US","@id":"https:\/\/subversivefestival.com\/#\/schema\/logo\/image\/","url":"https:\/\/subversivefestival.com\/wp-content\/uploads\/2021\/09\/sf-logo.png","contentUrl":"https:\/\/subversivefestival.com\/wp-content\/uploads\/2021\/09\/sf-logo.png","width":800,"height":600,"caption":"Subversive Festival"},"image":{"@id":"https:\/\/subversivefestival.com\/#\/schema\/logo\/image\/"},"sameAs":["https:\/\/www.facebook.com\/subversivefestival\/","https:\/\/x.com\/SubversiveFesti"]}]}},"_links":{"self":[{"href":"https:\/\/subversivefestival.com\/en\/wp-json\/wp\/v2\/pages\/69","targetHints":{"allow":["GET"]}}],"collection":[{"href":"https:\/\/subversivefestival.com\/en\/wp-json\/wp\/v2\/pages"}],"about":[{"href":"https:\/\/subversivefestival.com\/en\/wp-json\/wp\/v2\/types\/page"}],"author":[{"embeddable":true,"href":"https:\/\/subversivefestival.com\/en\/wp-json\/wp\/v2\/users\/1"}],"replies":[{"embeddable":true,"href":"https:\/\/subversivefestival.com\/en\/wp-json\/wp\/v2\/comments?post=69"}],"version-history":[{"count":0,"href":"https:\/\/subversivefestival.com\/en\/wp-json\/wp\/v2\/pages\/69\/revisions"}],"wp:attachment":[{"href":"https:\/\/subversivefestival.com\/en\/wp-json\/wp\/v2\/media?parent=69"}],"curies":[{"name":"wp","href":"https:\/\/api.w.org\/{rel}","templated":true}]}}